{"id":78,"date":"2021-03-20T19:48:17","date_gmt":"2021-03-20T18:48:17","guid":{"rendered":"http:\/\/bussycestvous.fr\/?page_id=78"},"modified":"2025-01-25T23:57:47","modified_gmt":"2025-01-25T22:57:47","slug":"mentions-legales","status":"publish","type":"page","link":"https:\/\/reveillonsensemblebussy.fr\/index.php\/mentions-legales\/","title":{"rendered":"Mentions l\u00e9gales"},"content":{"rendered":"\n<p><strong>Informations l\u00e9gales<\/strong><br>Les sites R\u00e9veillons Ensemble Bussy :<br><a href=\"https:\/\/reveillonsensemblebussy.fr\">https:\/\/reveillonsensemblebussy.fr<\/a> <br><a href=\"https:\/\/reveillonsensemblebussy.com\">https:\/\/reveillonsensemblebussy.com<\/a><br>sont des sites g\u00e9r\u00e9s par des personnes physiques repr\u00e9sentant un groupe de citoyens buxangeorgiens : \u00ab\u00a0R\u00e9veillons Ensemble Bussy\u00a0\u00bb.<\/p>\n\n\n\n<p>L\u2019acc\u00e8s aux sites peut \u00eatre interrompu notamment pour des raisons de maintenance et de mise \u00e0 jour. Aucun des membres du groupe ne peut \u00eatre tenu responsable des cons\u00e9quences qui peuvent en d\u00e9couler pour l\u2019utilisateur ou le visiteur du site.<\/p>\n\n\n\n<p><strong>Mentions l\u00e9gales<br><\/strong>\u00c9diteur du site, r\u00e9dacteur en chef, d\u00e9veloppement technique et cr\u00e9dits photos (sauf indications contraires) d\u00e9sign\u00e9 ensuite par \u00ab\u00a0L&rsquo;\u00e9diteur\u00a0\u00bb:<br>R\u00e9veillons Ensemble Bussy <br>77600 Bussy Saint-Georges, France<br>mailto : contact @ reveillonsensemblebussy.fr (en ayant soin d\u2019\u00f4ter les espaces encadrant l\u2019arobase -@-).<\/p>\n\n\n\n<p><strong>H\u00e9bergement du site :<\/strong><br>OVH, 2 rue Kellermann \u2013 BP80157 \u2013 59053 ROUBAIX CEDEX 1 \u2013 FRANCE<br><strong>RCS Lille M\u00e9tropole :<\/strong>&nbsp;424 761 419 \u2013 SAS au capital de 10 174 560\u20ac<br><a href=\"http:\/\/www.ovh.com\">http:\/\/www.ovh.com<\/a><\/p>\n\n\n\n<p><strong>Clause de non-responsabilit\u00e9 :<\/strong><br>Les informations propos\u00e9es sur les sites sont de nature indicative et non contractuelle.<br>L&rsquo;\u00e9diteur&nbsp;se r\u00e9serve le droit de modifier le contenu de ce site \u00e0 tout moment et sans pr\u00e9avis. Toute erreur signal\u00e9e sera corrig\u00e9e dans les plus brefs d\u00e9lais.<br>L&rsquo;\u00e9diteur&nbsp;n\u2019apporte aucune garantie quant \u00e0 l\u2019utilisation des informations fournies sur son site web et ne sera pas responsable du pr\u00e9judice ou des dommages pouvant r\u00e9sulter de l\u2019utilisation des informations pr\u00e9sentes sur le site, ni d\u2019erreurs ou omissions dans celles-ci, de d\u00e9fauts ou d\u2019interruptions dans leur fourniture ou de l\u2019indisponibilit\u00e9 de tout ou partie de celles-ci.<br>Des liens pr\u00e9sents sur ce site web orientent les utilisateurs sur d\u2019autres sites dont le contenu ne peut engager la responsabilit\u00e9 de L&rsquo;\u00e9diteur&nbsp;.<\/p>\n\n\n\n<p><strong>Copyright, droits de reproduction<\/strong><br>Tous les \u00e9l\u00e9ments de ce site sont prot\u00e9g\u00e9s par le droit d\u2019auteur et les droits de propri\u00e9t\u00e9 intellectuelle (logo, graphisme, images, textes), sauf indication contraire.<\/p>\n\n\n\n<p>Cependant, L&rsquo;\u00e9diteur&nbsp;&nbsp;autorise :<br>\u2013 la reproduction de contenus moyennant mention de la source.<br>\u2013 la cr\u00e9ation d\u2019un lien vers son site web \u00e0 condition que ce lien ouvre une nouvelle fen\u00eatre du navigateur.<\/p>\n\n\n\n<p><strong>Donn\u00e9es personnelles<\/strong><br>Aucune donn\u00e9e personnelle n\u2019est collect\u00e9e \u00e0 l\u2019insu des visiteurs des sites. Les seules adresses susceptibles d\u2019\u00eatre collect\u00e9es sont des adresses postales et \u00e9lectroniques. Elles ne sont recueillies par L&rsquo;\u00e9diteur&nbsp;qu\u2019\u00e0 la suite de leur communication volontaire par les internautes souhaitant recevoir une r\u00e9ponse ou d\u00e9poser un avis.<\/p>\n\n\n\n<p>Les informations qui vous concernent sont destin\u00e9es uniquement \u00e0 L&rsquo;\u00e9diteur. Elles ne sont pas transmises \u00e0 des tiers. En application de la loi du 6 ao\u00fbt 2004 (\u00ab&nbsp;informatique et libert\u00e9s&nbsp;\u00bb), vous disposez d\u2019un droit d\u2019acc\u00e8s, de modification et de suppression des informations qui vous concernent.<\/p>\n\n\n\n<p>Pour exercer ce droit, et pour toute question relative au site, nous vous invitons \u00e0 nous contacter par courrier \u00e9lectronique&nbsp;ou&nbsp;par voie postale.<\/p>\n\n\n\n<p>Version 2.0 du 25 janvier 2025<\/p>\n","protected":false},"excerpt":{"rendered":"<p>Informations l\u00e9galesLes sites R\u00e9veillons Ensemble Bussy :https:\/\/reveillonsensemblebussy.fr https:\/\/reveillonsensemblebussy.comsont des sites g\u00e9r\u00e9s par des personnes physiques repr\u00e9sentant un groupe de citoyens buxangeorgiens : \u00ab\u00a0R\u00e9veillons Ensemble Bussy\u00a0\u00bb. L\u2019acc\u00e8s aux sites peut \u00eatre interrompu notamment pour des raisons de maintenance et de mise \u00e0 jour. Aucun des membres du groupe ne peut \u00eatre tenu responsable des cons\u00e9quences qui &hellip; <\/p>\n<p class=\"link-more\"><a href=\"https:\/\/reveillonsensemblebussy.fr\/index.php\/mentions-legales\/\" class=\"more-link\">Continuer la lecture<span class=\"screen-reader-text\"> de &laquo;&nbsp;Mentions l\u00e9gales&nbsp;&raquo;<\/span><\/a><\/p>\n","protected":false},"author":2,"featured_media":0,"parent":0,"menu_order":0,"comment_status":"closed","ping_status":"closed","template":"","meta":{"footnotes":""},"class_list":["post-78","page","type-page","status-publish","hentry"],"_links":{"self":[{"href":"https:\/\/reveillonsensemblebussy.fr\/index.php\/wp-json\/wp\/v2\/pages\/78","targetHints":{"allow":["GET"]}}],"collection":[{"href":"https:\/\/reveillonsensemblebussy.fr\/index.php\/wp-json\/wp\/v2\/pages"}],"about":[{"href":"https:\/\/reveillonsensemblebussy.fr\/index.php\/wp-json\/wp\/v2\/types\/page"}],"author":[{"embeddable":true,"href":"https:\/\/reveillonsensemblebussy.fr\/index.php\/wp-json\/wp\/v2\/users\/2"}],"replies":[{"embeddable":true,"href":"https:\/\/reveillonsensemblebussy.fr\/index.php\/wp-json\/wp\/v2\/comments?post=78"}],"version-history":[{"count":2,"href":"https:\/\/reveillonsensemblebussy.fr\/index.php\/wp-json\/wp\/v2\/pages\/78\/revisions"}],"predecessor-version":[{"id":1196,"href":"https:\/\/reveillonsensemblebussy.fr\/index.php\/wp-json\/wp\/v2\/pages\/78\/revisions\/1196"}],"wp:attachment":[{"href":"https:\/\/reveillonsensemblebussy.fr\/index.php\/wp-json\/wp\/v2\/media?parent=78"}],"curies":[{"name":"wp","href":"https:\/\/api.w.org\/{rel}","templated":true}]}}